{"id":95,"date":"2010-07-26T06:00:20","date_gmt":"2010-07-26T06:00:20","guid":{"rendered":"http:\/\/www.felipeporto.com.br\/felipeporto\/?page_id=95"},"modified":"2017-09-12T09:28:17","modified_gmt":"2017-09-12T06:28:17","slug":"contatos","status":"publish","type":"page","link":"https:\/\/felipeporto.com.br\/new\/?page_id=95","title":{"rendered":"CONTATOS"},"content":{"rendered":"<p style=\"text-align: left;\">E-mail: <a href=\"mailto:felipeporto.com@gmail.com\" target=\"_blank\">felipeporto.com@gmail.com<\/a><\/p>\n<p style=\"text-align: left;\">Endere\u00e7o:\u00a0CRS 502, Bloco C, Ent. 01 &#8211; Sala 101 &#8211; Asa Sul &#8211; Bras\u00edlia \/ DF &#8211; CEP 70330-530 &#8211; Fones: (61) 3322-8060 e 99221-0058. Obs.: sou noct\u00edvago, s\u00f3 estou &#8220;no ar&#8221; \u00e0 tarde, \u00e0 noite e a madrugada inteira.<\/p>\n<p style=\"text-align: left;\"><code>[si-contact-form form='1']<\/code><\/p>\n","protected":false},"excerpt":{"rendered":"<p>E-mail: felipeporto.com@gmail.com Endere\u00e7o:\u00a0CRS 502, Bloco C, Ent. 01 &#8211; Sala 101 &#8211; Asa Sul &#8211; Bras\u00edlia \/ DF &#8211; CEP 70330-530 &#8211; Fones: (61) 3322-8060 e 99221-0058. Obs.: sou noct\u00edvago, s\u00f3 estou &#8220;no ar&#8221; \u00e0 tarde, \u00e0 noite e a madrugada inteira. [si-contact-form form=&#8217;1&#8242;]<\/p>\n","protected":false},"author":1,"featured_media":0,"parent":0,"menu_order":0,"comment_status":"open","ping_status":"open","template":"","meta":{"footnotes":""},"class_list":["post-95","page","type-page","status-publish","hentry"],"_links":{"self":[{"href":"https:\/\/felipeporto.com.br\/new\/index.php?rest_route=\/wp\/v2\/pages\/95","targetHints":{"allow":["GET"]}}],"collection":[{"href":"https:\/\/felipeporto.com.br\/new\/index.php?rest_route=\/wp\/v2\/pages"}],"about":[{"href":"https:\/\/felipeporto.com.br\/new\/index.php?rest_route=\/wp\/v2\/types\/page"}],"author":[{"embeddable":true,"href":"https:\/\/felipeporto.com.br\/new\/index.php?rest_route=\/wp\/v2\/users\/1"}],"replies":[{"embeddable":true,"href":"https:\/\/felipeporto.com.br\/new\/index.php?rest_route=%2Fwp%2Fv2%2Fcomments&post=95"}],"version-history":[{"count":6,"href":"https:\/\/felipeporto.com.br\/new\/index.php?rest_route=\/wp\/v2\/pages\/95\/revisions"}],"predecessor-version":[{"id":97,"href":"https:\/\/felipeporto.com.br\/new\/index.php?rest_route=\/wp\/v2\/pages\/95\/revisions\/97"}],"wp:attachment":[{"href":"https:\/\/felipeporto.com.br\/new\/index.php?rest_route=%2Fwp%2Fv2%2Fmedia&parent=95"}],"curies":[{"name":"wp","href":"https:\/\/api.w.org\/{rel}","templated":true}]}}