{"id":616,"date":"2017-09-12T10:12:48","date_gmt":"2017-09-12T07:12:48","guid":{"rendered":"http:\/\/www.felipeporto.com.br\/?page_id=616"},"modified":"2017-10-19T10:08:51","modified_gmt":"2017-10-19T07:08:51","slug":"videos-e-entrevistas","status":"publish","type":"page","link":"https:\/\/felipeporto.com.br\/new\/?page_id=616","title":{"rendered":"V\u00cdDEOS E ENTREVISTAS"},"content":{"rendered":"<p style=\"text-align: center;\"><img loading=\"lazy\" decoding=\"async\" class=\"alignnone size-full wp-image-1145\" src=\"http:\/\/www.felipeporto.com.br\/new\/wp-content\/uploads\/2017\/08\/Entrevistas_696x521px.jpg\" alt=\"\" width=\"696\" height=\"521\" srcset=\"https:\/\/felipeporto.com.br\/new\/wp-content\/uploads\/2017\/08\/Entrevistas_696x521px.jpg 696w, https:\/\/felipeporto.com.br\/new\/wp-content\/uploads\/2017\/08\/Entrevistas_696x521px-300x225.jpg 300w, https:\/\/felipeporto.com.br\/new\/wp-content\/uploads\/2017\/08\/Entrevistas_696x521px-80x60.jpg 80w, https:\/\/felipeporto.com.br\/new\/wp-content\/uploads\/2017\/08\/Entrevistas_696x521px-265x198.jpg 265w, https:\/\/felipeporto.com.br\/new\/wp-content\/uploads\/2017\/08\/Entrevistas_696x521px-561x420.jpg 561w\" sizes=\"auto, (max-width: 696px) 100vw, 696px\" \/>Devido ao grande volume de v\u00eddeos que tornavam lento o acesso \u00e0s p\u00e1ginas deste site (antes ficavam na coluna lateral direita), resolvemos criar uma p\u00e1gina exclusiva para este conte\u00fado, que mesmo assim ficou pesada, sendo a solu\u00e7\u00e3o encontrada criar esta p\u00e1gina com links para outras tr\u00eas, cada uma contendo grupos conforme a cronologia que foram publicados, mesmo n\u00e3o sendo nem 10% de todas as entrevistas que fizeram conosco, muitas das quais guardamos em fitas de videocassete mas a digitaliza\u00e7\u00e3o n\u00e3o foi conseguida com qualidade:<\/p>\n<p style=\"text-align: center;\"><a href=\"http:\/\/www.felipeporto.com.br\/?page_id=618\"><strong>V\u00cdDEOS 03<\/strong><\/a> (mais recentes)<\/p>\n<p style=\"text-align: center;\"><a href=\"http:\/\/www.felipeporto.com.br\/?page_id=622\"><strong>V\u00cdDEOS 02<\/strong><\/a> (menos recentes)<\/p>\n<p style=\"text-align: center;\"><a href=\"http:\/\/www.felipeporto.com.br\/?page_id=626\"><strong>V\u00cdDEOS 01<\/strong><\/a> (mais antigos)<\/p>\n","protected":false},"excerpt":{"rendered":"<p>Devido ao grande volume de v\u00eddeos que tornavam lento o acesso \u00e0s p\u00e1ginas deste site (antes ficavam na coluna lateral direita), resolvemos criar uma p\u00e1gina exclusiva para este conte\u00fado, que mesmo assim ficou pesada, sendo a solu\u00e7\u00e3o encontrada criar esta p\u00e1gina com links para outras tr\u00eas, cada uma contendo grupos conforme a cronologia que foram [&hellip;]<\/p>\n","protected":false},"author":1,"featured_media":1145,"parent":0,"menu_order":0,"comment_status":"open","ping_status":"open","template":"","meta":{"footnotes":""},"class_list":["post-616","page","type-page","status-publish","has-post-thumbnail","hentry"],"_links":{"self":[{"href":"https:\/\/felipeporto.com.br\/new\/index.php?rest_route=\/wp\/v2\/pages\/616","targetHints":{"allow":["GET"]}}],"collection":[{"href":"https:\/\/felipeporto.com.br\/new\/index.php?rest_route=\/wp\/v2\/pages"}],"about":[{"href":"https:\/\/felipeporto.com.br\/new\/index.php?rest_route=\/wp\/v2\/types\/page"}],"author":[{"embeddable":true,"href":"https:\/\/felipeporto.com.br\/new\/index.php?rest_route=\/wp\/v2\/users\/1"}],"replies":[{"embeddable":true,"href":"https:\/\/felipeporto.com.br\/new\/index.php?rest_route=%2Fwp%2Fv2%2Fcomments&post=616"}],"version-history":[{"count":4,"href":"https:\/\/felipeporto.com.br\/new\/index.php?rest_route=\/wp\/v2\/pages\/616\/revisions"}],"predecessor-version":[{"id":1147,"href":"https:\/\/felipeporto.com.br\/new\/index.php?rest_route=\/wp\/v2\/pages\/616\/revisions\/1147"}],"wp:featuredmedia":[{"embeddable":true,"href":"https:\/\/felipeporto.com.br\/new\/index.php?rest_route=\/wp\/v2\/media\/1145"}],"wp:attachment":[{"href":"https:\/\/felipeporto.com.br\/new\/index.php?rest_route=%2Fwp%2Fv2%2Fmedia&parent=616"}],"curies":[{"name":"wp","href":"https:\/\/api.w.org\/{rel}","templated":true}]}}